{"id":163,"date":"2015-06-15T09:30:05","date_gmt":"2015-06-15T08:30:05","guid":{"rendered":"http:\/\/bwdesk.com\/panama\/demo-content\/?page_id=11"},"modified":"2017-05-10T00:49:28","modified_gmt":"2017-05-09T23:49:28","slug":"celia-clement-professional-photographer","status":"publish","type":"page","link":"http:\/\/www.celiaclement.com\/site\/en\/celia-clement-professional-photographer\/","title":{"rendered":"C\u00e9lia Cl\u00e9ment &#8211; Professional Photographer"},"content":{"rendered":"","protected":false},"excerpt":{"rendered":"","protected":false},"author":1,"featured_media":0,"parent":0,"menu_order":0,"comment_status":"closed","ping_status":"closed","template":"templates\/template-gallery.php","meta":[],"yoast_head":"<!-- This site is optimized with the Yoast SEO plugin v18.3 - https:\/\/yoast.com\/wordpress\/plugins\/seo\/ -->\n<title>Professionnal Photographer - C\u00e9lia Cl\u00e9ment<\/title>\n<meta name=\"description\" content=\"C\u00e9lia Cl\u00e9ment is a professional photographer, portrait, reportage, wedding and events. Based in Paris (75).\" \/>\n<meta name=\"robots\" content=\"index, follow, max-snippet:-1, max-image-preview:large, max-video-preview:-1\" \/>\n<link rel=\"canonical\" href=\"http:\/\/www.celiaclement.com\/site\/en\/celia-clement-professional-photographer\/\" \/>\n<meta property=\"og:locale\" content=\"fr_FR\" \/>\n<meta property=\"og:type\" content=\"article\" \/>\n<meta property=\"og:title\" content=\"Professionnal Photographer - C\u00e9lia Cl\u00e9ment\" \/>\n<meta property=\"og:description\" content=\"C\u00e9lia Cl\u00e9ment is a professional photographer, portrait, reportage, wedding and events. Based in Paris (75).\" \/>\n<meta property=\"og:url\" content=\"http:\/\/www.celiaclement.com\/site\/en\/celia-clement-professional-photographer\/\" \/>\n<meta property=\"og:site_name\" content=\"C\u00e9lia Cl\u00e9ment\" \/>\n<meta property=\"article:publisher\" content=\"https:\/\/www.facebook.com\/celia.clement.35\" \/>\n<meta property=\"article:modified_time\" content=\"2017-05-09T23:49:28+00:00\" \/>\n<meta name=\"twitter:card\" content=\"summary\" \/>\n<script type=\"application\/ld+json\" class=\"yoast-schema-graph\">{\"@context\":\"https:\/\/schema.org\",\"@graph\":[{\"@type\":\"WebSite\",\"@id\":\"http:\/\/www.celiaclement.com\/site\/#website\",\"url\":\"http:\/\/www.celiaclement.com\/site\/\",\"name\":\"C\u00e9lia Cl\u00e9ment\",\"description\":\"Photographer\",\"potentialAction\":[{\"@type\":\"SearchAction\",\"target\":{\"@type\":\"EntryPoint\",\"urlTemplate\":\"http:\/\/www.celiaclement.com\/site\/?s={search_term_string}\"},\"query-input\":\"required name=search_term_string\"}],\"inLanguage\":\"fr-FR\"},{\"@type\":\"WebPage\",\"@id\":\"http:\/\/www.celiaclement.com\/site\/en\/celia-clement-professional-photographer\/#webpage\",\"url\":\"http:\/\/www.celiaclement.com\/site\/en\/celia-clement-professional-photographer\/\",\"name\":\"Professionnal Photographer - C\u00e9lia Cl\u00e9ment\",\"isPartOf\":{\"@id\":\"http:\/\/www.celiaclement.com\/site\/#website\"},\"datePublished\":\"2015-06-15T08:30:05+00:00\",\"dateModified\":\"2017-05-09T23:49:28+00:00\",\"description\":\"C\u00e9lia Cl\u00e9ment is a professional photographer, portrait, reportage, wedding and events. Based in Paris (75).\",\"breadcrumb\":{\"@id\":\"http:\/\/www.celiaclement.com\/site\/en\/celia-clement-professional-photographer\/#breadcrumb\"},\"inLanguage\":\"fr-FR\",\"potentialAction\":[{\"@type\":\"ReadAction\",\"target\":[\"http:\/\/www.celiaclement.com\/site\/en\/celia-clement-professional-photographer\/\"]}]},{\"@type\":\"BreadcrumbList\",\"@id\":\"http:\/\/www.celiaclement.com\/site\/en\/celia-clement-professional-photographer\/#breadcrumb\",\"itemListElement\":[{\"@type\":\"ListItem\",\"position\":1,\"name\":\"Accueil\",\"item\":\"https:\/\/www.celiaclement.com\/site\/en\/celia-clement-professional-photographer\/\"},{\"@type\":\"ListItem\",\"position\":2,\"name\":\"C\u00e9lia Cl\u00e9ment &#8211; Professional Photographer\"}]}]}<\/script>\n<!-- \/ Yoast SEO plugin. -->","yoast_head_json":{"title":"Professionnal Photographer - C\u00e9lia Cl\u00e9ment","description":"C\u00e9lia Cl\u00e9ment is a professional photographer, portrait, reportage, wedding and events. Based in Paris (75).","robots":{"index":"index","follow":"follow","max-snippet":"max-snippet:-1","max-image-preview":"max-image-preview:large","max-video-preview":"max-video-preview:-1"},"canonical":"http:\/\/www.celiaclement.com\/site\/en\/celia-clement-professional-photographer\/","og_locale":"fr_FR","og_type":"article","og_title":"Professionnal Photographer - C\u00e9lia Cl\u00e9ment","og_description":"C\u00e9lia Cl\u00e9ment is a professional photographer, portrait, reportage, wedding and events. Based in Paris (75).","og_url":"http:\/\/www.celiaclement.com\/site\/en\/celia-clement-professional-photographer\/","og_site_name":"C\u00e9lia Cl\u00e9ment","article_publisher":"https:\/\/www.facebook.com\/celia.clement.35","article_modified_time":"2017-05-09T23:49:28+00:00","twitter_card":"summary","schema":{"@context":"https:\/\/schema.org","@graph":[{"@type":"WebSite","@id":"http:\/\/www.celiaclement.com\/site\/#website","url":"http:\/\/www.celiaclement.com\/site\/","name":"C\u00e9lia Cl\u00e9ment","description":"Photographer","potentialAction":[{"@type":"SearchAction","target":{"@type":"EntryPoint","urlTemplate":"http:\/\/www.celiaclement.com\/site\/?s={search_term_string}"},"query-input":"required name=search_term_string"}],"inLanguage":"fr-FR"},{"@type":"WebPage","@id":"http:\/\/www.celiaclement.com\/site\/en\/celia-clement-professional-photographer\/#webpage","url":"http:\/\/www.celiaclement.com\/site\/en\/celia-clement-professional-photographer\/","name":"Professionnal Photographer - C\u00e9lia Cl\u00e9ment","isPartOf":{"@id":"http:\/\/www.celiaclement.com\/site\/#website"},"datePublished":"2015-06-15T08:30:05+00:00","dateModified":"2017-05-09T23:49:28+00:00","description":"C\u00e9lia Cl\u00e9ment is a professional photographer, portrait, reportage, wedding and events. Based in Paris (75).","breadcrumb":{"@id":"http:\/\/www.celiaclement.com\/site\/en\/celia-clement-professional-photographer\/#breadcrumb"},"inLanguage":"fr-FR","potentialAction":[{"@type":"ReadAction","target":["http:\/\/www.celiaclement.com\/site\/en\/celia-clement-professional-photographer\/"]}]},{"@type":"BreadcrumbList","@id":"http:\/\/www.celiaclement.com\/site\/en\/celia-clement-professional-photographer\/#breadcrumb","itemListElement":[{"@type":"ListItem","position":1,"name":"Accueil","item":"https:\/\/www.celiaclement.com\/site\/en\/celia-clement-professional-photographer\/"},{"@type":"ListItem","position":2,"name":"C\u00e9lia Cl\u00e9ment &#8211; Professional Photographer"}]}]}},"_links":{"self":[{"href":"http:\/\/www.celiaclement.com\/site\/wp-json\/wp\/v2\/pages\/163"}],"collection":[{"href":"http:\/\/www.celiaclement.com\/site\/wp-json\/wp\/v2\/pages"}],"about":[{"href":"http:\/\/www.celiaclement.com\/site\/wp-json\/wp\/v2\/types\/page"}],"author":[{"embeddable":true,"href":"http:\/\/www.celiaclement.com\/site\/wp-json\/wp\/v2\/users\/1"}],"replies":[{"embeddable":true,"href":"http:\/\/www.celiaclement.com\/site\/wp-json\/wp\/v2\/comments?post=163"}],"version-history":[{"count":6,"href":"http:\/\/www.celiaclement.com\/site\/wp-json\/wp\/v2\/pages\/163\/revisions"}],"predecessor-version":[{"id":1192,"href":"http:\/\/www.celiaclement.com\/site\/wp-json\/wp\/v2\/pages\/163\/revisions\/1192"}],"wp:attachment":[{"href":"http:\/\/www.celiaclement.com\/site\/wp-json\/wp\/v2\/media?parent=163"}],"curies":[{"name":"wp","href":"https:\/\/api.w.org\/{rel}","templated":true}]}}