{"id":938,"date":"2016-08-28T20:51:14","date_gmt":"2016-08-28T19:51:14","guid":{"rendered":"http:\/\/www.celiaclement.com\/site\/?page_id=938"},"modified":"2022-03-10T21:44:04","modified_gmt":"2022-03-10T20:44:04","slug":"a-propos","status":"publish","type":"page","link":"http:\/\/www.celiaclement.com\/site\/fr\/a-propos\/","title":{"rendered":"A Propos"},"content":{"rendered":"<div class='bwpb-row-holder bwpb-video-holder bwpb-row-full_width_background '  style=''><div class='bwpb-row'><div  class='bwpb-row-inner ' style='padding-top:50px;padding-bottom:30px;color:#333;text-align:left;'><div class='bwpb-column bwpb-video-holder  bwpb-colwidth-4 ' style='text-align:inherit;width:100%;'  ><div class='bwpb-column-inner' style='padding:0px 15px 0px 15px;'><div class='' style='text-align:center;'><img width=\"403\" height=\"600\" src=\"http:\/\/www.celiaclement.com\/site\/wp-content\/uploads\/2018\/01\/Celia_Clement.jpg\" class=\"attachment-full size-full\" alt=\"C\u00e9lia Cl\u00e9ment\" loading=\"lazy\" style=\"\" srcset=\"http:\/\/www.celiaclement.com\/site\/wp-content\/uploads\/2018\/01\/Celia_Clement.jpg 403w, http:\/\/www.celiaclement.com\/site\/wp-content\/uploads\/2018\/01\/Celia_Clement-202x300.jpg 202w, http:\/\/www.celiaclement.com\/site\/wp-content\/uploads\/2018\/01\/Celia_Clement-384x571.jpg 384w, http:\/\/www.celiaclement.com\/site\/wp-content\/uploads\/2018\/01\/Celia_Clement-269x400.jpg 269w\" sizes=\"(max-width: 403px) 100vw, 403px\" \/><\/div><div class='panama-heading ' style='padding-top:50px;padding-bottom:70px;'>\r\n            <div class='heading-sub-title'><div>Bio<\/div><\/div>\r\n            <h2 >C\u00e9lia Cl\u00e9ment<\/h2>\r\n            \r\n        <\/div><\/div><\/div><\/div><\/div><\/div><div class='bwpb-row-holder bwpb-video-holder bwpb-row-full_width_background '  style=''><div class='bwpb-row'><div  class='bwpb-row-inner ' style='padding-bottom:30px;color:#333;text-align:left;'><div class='bwpb-column bwpb-video-holder  bwpb-colwidth-2 ' style='text-align:inherit;width:50%;'  ><div class='bwpb-column-inner' style='padding:0px 15px 0px 15px;'><div class='bwpb-text '> Apr\u00e8s des \u00e9tudes\u00a0d&rsquo;Arts Plastiques \u00e0 l&rsquo;Universit\u00e9 de la Sorbonne de Paris, C\u00e9lia Cl\u00e9ment poursui ses \u00e9tudes en arts visuels \u00e0 l&rsquo;Ecole Sup\u00e9rieure des Arts Duperr\u00e9. En 2002, elle voyage en Australie, o\u00f9 elle r\u00e9alise ses premiers projets photographiques. De retour en France en 2006, elle a \u00e9t\u00e9 s\u00e9lectionn\u00e9e pour pr\u00e9senter sa s\u00e9rie sur l&rsquo;Outback australien au Festival Off Chroniques Nomades \u00e0 Honfleur. <\/div><\/div><\/div><div class='bwpb-column bwpb-video-holder  bwpb-colwidth-2 ' style='text-align:inherit;width:50%;'  ><div class='bwpb-column-inner' style='padding:0px 15px 0px 15px;'><div class='bwpb-text '> En 2010, C\u00e9lia Cl\u00e9ment remporte le Prix Coup de Coeur du Festival de l&rsquo;image environnementale avec sa s\u00e9rie sur les biches de\u00a0Nara. Depuis, ses photos ont \u00e9t\u00e9 expos\u00e9es lors de divers \u00e9v\u00e9nements, tels que le Mois de la\u00a0photo Off, la Nuit de la photographie contemporaine, Slideluck Potshow, Nuits de Pierrevert, La Quatri\u00e8me image &#8230;) <\/div><\/div><\/div><\/div><\/div><\/div><div class='bwpb-row-holder bwpb-video-holder bwpb-row-full_width_background '  style=''><div class='bwpb-row'><div  class='bwpb-row-inner ' style='padding-bottom:30px;color:#333;text-align:left;'><div class='bwpb-column bwpb-video-holder  bwpb-colwidth-4 ' style='text-align:inherit;width:100%;'  ><div class='bwpb-column-inner' style='padding:0px 15px 0px 15px;'><div class='bwpb-separator-text  bwpb-stext-align-center' style='width:100%'>\n    <span class='bwpb-stext-left' style='height:40px'><span style='border-bottom:1px solid #ccc;'><\/span><\/span>\n        <h4 style='height:40px'>Suivez-moi sur Instagram<\/h4>\n    <span class='bwpb-stext-right' style='height:40px'><span style='border-bottom:1px solid #ccc;'><\/span><\/span>\n<\/div><div class='bwpb-text '>\n<p style=\"text-align: center;\"><code>[simple-instagram]<\/code><\/p>\n<\/div><\/div><\/div><\/div><\/div><\/div>\n","protected":false},"excerpt":{"rendered":"","protected":false},"author":1,"featured_media":0,"parent":0,"menu_order":0,"comment_status":"closed","ping_status":"closed","template":"","meta":[],"yoast_head":"<!-- This site is optimized with the Yoast SEO plugin v18.3 - https:\/\/yoast.com\/wordpress\/plugins\/seo\/ -->\n<title>A Propos - C\u00e9lia Cl\u00e9ment<\/title>\n<meta name=\"description\" content=\"Photographe Professionnelle, portrait, reportage, mariage et \u00e9v\u00e8nementiel \u00e0 Paris (75)\" \/>\n<meta name=\"robots\" content=\"index, follow, max-snippet:-1, max-image-preview:large, max-video-preview:-1\" \/>\n<link rel=\"canonical\" href=\"http:\/\/www.celiaclement.com\/site\/fr\/a-propos\/\" \/>\n<meta property=\"og:locale\" content=\"fr_FR\" \/>\n<meta property=\"og:type\" content=\"article\" \/>\n<meta property=\"og:title\" content=\"A Propos - C\u00e9lia Cl\u00e9ment\" \/>\n<meta property=\"og:description\" content=\"Photographe Professionnelle, portrait, reportage, mariage et \u00e9v\u00e8nementiel \u00e0 Paris (75)\" \/>\n<meta property=\"og:url\" content=\"http:\/\/www.celiaclement.com\/site\/fr\/a-propos\/\" \/>\n<meta property=\"og:site_name\" content=\"C\u00e9lia Cl\u00e9ment\" \/>\n<meta property=\"article:publisher\" content=\"https:\/\/www.facebook.com\/celia.clement.35\" \/>\n<meta property=\"article:modified_time\" content=\"2022-03-10T20:44:04+00:00\" \/>\n<meta name=\"twitter:card\" content=\"summary\" \/>\n<meta name=\"twitter:label1\" content=\"Dur\u00e9e de lecture estim\u00e9e\" \/>\n\t<meta name=\"twitter:data1\" content=\"3 minutes\" \/>\n<script type=\"application\/ld+json\" class=\"yoast-schema-graph\">{\"@context\":\"https:\/\/schema.org\",\"@graph\":[{\"@type\":\"WebSite\",\"@id\":\"http:\/\/www.celiaclement.com\/site\/#website\",\"url\":\"http:\/\/www.celiaclement.com\/site\/\",\"name\":\"C\u00e9lia Cl\u00e9ment\",\"description\":\"Photographer\",\"potentialAction\":[{\"@type\":\"SearchAction\",\"target\":{\"@type\":\"EntryPoint\",\"urlTemplate\":\"http:\/\/www.celiaclement.com\/site\/?s={search_term_string}\"},\"query-input\":\"required name=search_term_string\"}],\"inLanguage\":\"fr-FR\"},{\"@type\":\"WebPage\",\"@id\":\"http:\/\/www.celiaclement.com\/site\/fr\/a-propos\/#webpage\",\"url\":\"http:\/\/www.celiaclement.com\/site\/fr\/a-propos\/\",\"name\":\"A Propos - C\u00e9lia Cl\u00e9ment\",\"isPartOf\":{\"@id\":\"http:\/\/www.celiaclement.com\/site\/#website\"},\"datePublished\":\"2016-08-28T19:51:14+00:00\",\"dateModified\":\"2022-03-10T20:44:04+00:00\",\"description\":\"Photographe Professionnelle, portrait, reportage, mariage et \u00e9v\u00e8nementiel \u00e0 Paris (75)\",\"breadcrumb\":{\"@id\":\"http:\/\/www.celiaclement.com\/site\/fr\/a-propos\/#breadcrumb\"},\"inLanguage\":\"fr-FR\",\"potentialAction\":[{\"@type\":\"ReadAction\",\"target\":[\"http:\/\/www.celiaclement.com\/site\/fr\/a-propos\/\"]}]},{\"@type\":\"BreadcrumbList\",\"@id\":\"http:\/\/www.celiaclement.com\/site\/fr\/a-propos\/#breadcrumb\",\"itemListElement\":[{\"@type\":\"ListItem\",\"position\":1,\"name\":\"Accueil\",\"item\":\"http:\/\/www.celiaclement.com\/site\/en\/celia-clement-professional-photographer\/\"},{\"@type\":\"ListItem\",\"position\":2,\"name\":\"A Propos\"}]}]}<\/script>\n<!-- \/ Yoast SEO plugin. -->","yoast_head_json":{"title":"A Propos - C\u00e9lia Cl\u00e9ment","description":"Photographe Professionnelle, portrait, reportage, mariage et \u00e9v\u00e8nementiel \u00e0 Paris (75)","robots":{"index":"index","follow":"follow","max-snippet":"max-snippet:-1","max-image-preview":"max-image-preview:large","max-video-preview":"max-video-preview:-1"},"canonical":"http:\/\/www.celiaclement.com\/site\/fr\/a-propos\/","og_locale":"fr_FR","og_type":"article","og_title":"A Propos - C\u00e9lia Cl\u00e9ment","og_description":"Photographe Professionnelle, portrait, reportage, mariage et \u00e9v\u00e8nementiel \u00e0 Paris (75)","og_url":"http:\/\/www.celiaclement.com\/site\/fr\/a-propos\/","og_site_name":"C\u00e9lia Cl\u00e9ment","article_publisher":"https:\/\/www.facebook.com\/celia.clement.35","article_modified_time":"2022-03-10T20:44:04+00:00","twitter_card":"summary","twitter_misc":{"Dur\u00e9e de lecture estim\u00e9e":"3 minutes"},"schema":{"@context":"https:\/\/schema.org","@graph":[{"@type":"WebSite","@id":"http:\/\/www.celiaclement.com\/site\/#website","url":"http:\/\/www.celiaclement.com\/site\/","name":"C\u00e9lia Cl\u00e9ment","description":"Photographer","potentialAction":[{"@type":"SearchAction","target":{"@type":"EntryPoint","urlTemplate":"http:\/\/www.celiaclement.com\/site\/?s={search_term_string}"},"query-input":"required name=search_term_string"}],"inLanguage":"fr-FR"},{"@type":"WebPage","@id":"http:\/\/www.celiaclement.com\/site\/fr\/a-propos\/#webpage","url":"http:\/\/www.celiaclement.com\/site\/fr\/a-propos\/","name":"A Propos - C\u00e9lia Cl\u00e9ment","isPartOf":{"@id":"http:\/\/www.celiaclement.com\/site\/#website"},"datePublished":"2016-08-28T19:51:14+00:00","dateModified":"2022-03-10T20:44:04+00:00","description":"Photographe Professionnelle, portrait, reportage, mariage et \u00e9v\u00e8nementiel \u00e0 Paris (75)","breadcrumb":{"@id":"http:\/\/www.celiaclement.com\/site\/fr\/a-propos\/#breadcrumb"},"inLanguage":"fr-FR","potentialAction":[{"@type":"ReadAction","target":["http:\/\/www.celiaclement.com\/site\/fr\/a-propos\/"]}]},{"@type":"BreadcrumbList","@id":"http:\/\/www.celiaclement.com\/site\/fr\/a-propos\/#breadcrumb","itemListElement":[{"@type":"ListItem","position":1,"name":"Accueil","item":"http:\/\/www.celiaclement.com\/site\/en\/celia-clement-professional-photographer\/"},{"@type":"ListItem","position":2,"name":"A Propos"}]}]}},"_links":{"self":[{"href":"http:\/\/www.celiaclement.com\/site\/wp-json\/wp\/v2\/pages\/938"}],"collection":[{"href":"http:\/\/www.celiaclement.com\/site\/wp-json\/wp\/v2\/pages"}],"about":[{"href":"http:\/\/www.celiaclement.com\/site\/wp-json\/wp\/v2\/types\/page"}],"author":[{"embeddable":true,"href":"http:\/\/www.celiaclement.com\/site\/wp-json\/wp\/v2\/users\/1"}],"replies":[{"embeddable":true,"href":"http:\/\/www.celiaclement.com\/site\/wp-json\/wp\/v2\/comments?post=938"}],"version-history":[{"count":31,"href":"http:\/\/www.celiaclement.com\/site\/wp-json\/wp\/v2\/pages\/938\/revisions"}],"predecessor-version":[{"id":1342,"href":"http:\/\/www.celiaclement.com\/site\/wp-json\/wp\/v2\/pages\/938\/revisions\/1342"}],"wp:attachment":[{"href":"http:\/\/www.celiaclement.com\/site\/wp-json\/wp\/v2\/media?parent=938"}],"curies":[{"name":"wp","href":"https:\/\/api.w.org\/{rel}","templated":true}]}}